{"id":1074,"date":"2022-09-29T12:07:54","date_gmt":"2022-09-29T12:07:54","guid":{"rendered":"http:\/\/azokensarea.eus\/deba\/"},"modified":"2024-03-15T10:27:07","modified_gmt":"2024-03-15T10:27:07","slug":"deba","status":"publish","type":"page","link":"https:\/\/azokensarea.eus\/es\/deba\/","title":{"rendered":"Deba"},"content":{"rendered":"<h2><strong>DEBAKO<\/strong> MERKATUA<\/h2>\n<div>\n<p>El mercado de Deba se celebra en el edificio paseo cubierto, cuando hace unos 20 a\u00f1os se cerr\u00f3 el antiguo edificio del mercado, los productores quedaron dispersos en 3 ubicaciones diferentes y en los \u00faltimos meses se ha realizado un trabajo de reencuentro y se ha impulsado el uso de este edificio.<\/p>\n<p>Quedan pocos productores que ejercen una venta directa en el municipio, 3 se concentran en el mercado en d\u00edas normales y, cuando se celebra el Mercadillo, de mayo a octubre el primer s\u00e1bado, 8 a 10 se concentran algunos de los municipios cercanos.<\/p>\n<\/div>\n<div>\n<h4>D\u00cdA DE MERCADO Y HORARIO:<\/h4>\n<div>\n<p>Primer s\u00e1bado desde Mayo hasta Octubre<\/p>\n<\/div>\n<\/div>\n<div>\n<h3>UBICACI\u00d3N:<\/h3>\n<div>Hondartza kalea, 20820 Deba, Gipuzkoa<\/div>\n<p><a href=\"https:\/\/goo.gl\/maps\/Nwqw454jA9DMkq1i8\">Ver ubicaci\u00f3n<\/a><\/p>\n<\/div>\n<div>\n<h3>PROGRAMA AZOKATIK MAHAIRA:<\/h3>\n<p><a href=\"https:\/\/www.youtube.com\/watch?v=ohbssWAmOYE\">Ver v\u00eddeo<\/a><\/p>\n<\/div>\n<div>\n<h3>Enlaces:<\/h3>\n<\/div>\n<ul>\n<li><a href=\"\/www.deba.eus\">social<\/a>\n<\/li>\n<\/ul>\n<div>\n<p>    <img src=\"\/wp-content\/uploads\/2022\/07\/deba1.png\" alt=\"\"><\/p>\n<\/div>\n<div>\n<p>    <img src=\"\/wp-content\/uploads\/2022\/07\/deba2.png\" alt=\"\"><\/p>\n<\/div>\n<div>\n<p>    <img src=\"\/wp-content\/uploads\/2022\/07\/deba3.png\" alt=\"\"><\/p>\n<\/div>\n<p><!--more--><br \/>\n<!-- {\"type\":\"layout\",\"children\":[{\"type\":\"section\",\"props\":{\"animation\":\"fade\",\"animation_delay\":\"200\",\"id\":\"deba\",\"image_position\":\"center-center\",\"style\":\"primary\",\"title_breakpoint\":\"xl\",\"title_position\":\"top-left\",\"title_rotation\":\"left\",\"vertical_align\":\"middle\",\"width\":\"default\"},\"children\":[{\"type\":\"row\",\"children\":[{\"type\":\"column\",\"props\":{\"image_position\":\"center-center\",\"position_sticky_breakpoint\":\"m\"},\"children\":[{\"type\":\"headline\",\"props\":{\"content\":\"<strong>DEBAKO<\\\/strong> MERKATUA\",\"title_color\":\"primary\",\"title_element\":\"h2\",\"title_style\":\"h2\"}}]}]},{\"type\":\"row\",\"props\":{\"layout\":\"3-5,2-5\"},\"children\":[{\"type\":\"column\",\"props\":{\"image_position\":\"center-center\",\"position_sticky_breakpoint\":\"m\",\"width_medium\":\"3-5\"},\"children\":[{\"type\":\"text\",\"props\":{\"column_breakpoint\":\"m\",\"content\":\"\n\n<p>El mercado de Deba se celebra en el edificio paseo cubierto, cuando hace unos 20 a\\u00f1os se cerr\\u00f3 el antiguo edificio del mercado, los productores quedaron dispersos en 3 ubicaciones diferentes y en los \\u00faltimos meses se ha realizado un trabajo de reencuentro y se ha impulsado el uso de este edificio.<\\\/p>\\n\n\n<p>Quedan pocos productores que ejercen una venta directa en el municipio, 3 se concentran en el mercado en d\\u00edas normales y, cuando se celebra el Mercadillo, de mayo a octubre el primer s\\u00e1bado, 8 a 10 se concentran algunos de los municipios cercanos.<\\\/p>\",\"margin\":\"default\",\"text_style\":\"large\"}}]},{\"type\":\"column\",\"props\":{\"image_position\":\"center-center\",\"position_sticky_breakpoint\":\"m\",\"width_medium\":\"2-5\"},\"children\":[{\"type\":\"panel\",\"props\":{\"content\":\"\n\n<p>Primer s\\u00e1bado desde Mayo hasta Octubre<\\\/p>\",\"content_column_breakpoint\":\"m\",\"content_margin\":\"small\",\"icon_width\":80,\"image_align\":\"top\",\"image_grid_breakpoint\":\"m\",\"image_grid_width\":\"1-2\",\"image_svg_color\":\"emphasis\",\"link_style\":\"default\",\"link_text\":\"Read more\",\"margin\":\"default\",\"meta_align\":\"below-title\",\"meta_element\":\"div\",\"meta_style\":\"text-meta\",\"title\":\"D\\u00cdA DE MERCADO Y HORARIO:\",\"title_align\":\"top\",\"title_element\":\"h4\",\"title_grid_breakpoint\":\"m\",\"title_grid_width\":\"1-2\",\"title_hover_style\":\"reset\"}},{\"type\":\"panel\",\"props\":{\"content\":\"Hondartza kalea, 20820 Deba, Gipuzkoa\",\"content_column_breakpoint\":\"m\",\"content_margin\":\"small\",\"icon_width\":80,\"image_align\":\"top\",\"image_grid_breakpoint\":\"m\",\"image_grid_width\":\"1-2\",\"image_svg_color\":\"emphasis\",\"link\":\"https:\\\/\\\/goo.gl\\\/maps\\\/Nwqw454jA9DMkq1i8\",\"link_margin\":\"small\",\"link_style\":\"text\",\"link_target\":true,\"link_text\":\"Ver ubicaci\\u00f3n\",\"margin\":\"default\",\"meta_align\":\"below-title\",\"meta_element\":\"div\",\"meta_style\":\"text-meta\",\"title\":\"UBICACI\\u00d3N:\",\"title_align\":\"top\",\"title_element\":\"h3\",\"title_grid_breakpoint\":\"m\",\"title_grid_width\":\"1-2\",\"title_hover_style\":\"reset\",\"title_style\":\"h4\"}},{\"type\":\"panel\",\"props\":{\"content\":\"\",\"content_column_breakpoint\":\"m\",\"content_margin\":\"small\",\"icon_width\":80,\"image_align\":\"top\",\"image_grid_breakpoint\":\"m\",\"image_grid_width\":\"1-2\",\"image_svg_color\":\"emphasis\",\"link\":\"https:\\\/\\\/www.youtube.com\\\/watch?v=ohbssWAmOYE\",\"link_margin\":\"small\",\"link_style\":\"text\",\"link_target\":true,\"link_text\":\"Ver v\\u00eddeo\",\"margin\":\"default\",\"meta_align\":\"below-title\",\"meta_element\":\"div\",\"meta_style\":\"text-meta\",\"title\":\"PROGRAMA AZOKATIK MAHAIRA:\",\"title_align\":\"top\",\"title_element\":\"h3\",\"title_grid_breakpoint\":\"m\",\"title_grid_width\":\"1-2\",\"title_hover_style\":\"reset\",\"title_style\":\"h4\"},\"name\":\"azokatikmahaira\"},{\"type\":\"panel\",\"props\":{\"content\":\"\",\"content_column_breakpoint\":\"m\",\"content_margin\":\"small\",\"icon_width\":80,\"image_align\":\"top\",\"image_grid_breakpoint\":\"m\",\"image_grid_width\":\"1-2\",\"image_svg_color\":\"emphasis\",\"link_margin\":\"small\",\"link_style\":\"text\",\"link_target\":true,\"link_text\":\"Ikusi kokapena\",\"margin\":\"default\",\"meta_align\":\"below-title\",\"meta_element\":\"div\",\"meta_style\":\"text-meta\",\"title\":\"Enlaces:\",\"title_align\":\"top\",\"title_element\":\"h3\",\"title_grid_breakpoint\":\"m\",\"title_grid_width\":\"1-2\",\"title_hover_style\":\"reset\",\"title_style\":\"h4\"}},{\"type\":\"social\",\"props\":{\"grid\":\"horizontal\",\"grid_gap\":\"small\",\"image_svg_inline\":true,\"link_style\":\"\",\"link_target\":true,\"margin\":\"default\"},\"children\":[{\"type\":\"social_item\",\"props\":{\"icon\":\"world\",\"link\":\"www.deba.eus\"}}]}]}]}],\"name\":\"deba\"},{\"type\":\"section\",\"props\":{\"animation\":\"fade\",\"animation_delay\":\"200\",\"image_position\":\"center-center\",\"padding\":\"none\",\"style\":\"default\",\"title_breakpoint\":\"xl\",\"title_position\":\"top-left\",\"title_rotation\":\"left\",\"vertical_align\":\"middle\",\"width\":\"\"},\"children\":[{\"type\":\"row\",\"props\":{\"column_gap\":\"collapse\",\"row_gap\":\"collapse\"},\"children\":[{\"type\":\"column\",\"props\":{\"image_position\":\"center-center\",\"position_sticky_breakpoint\":\"m\"},\"children\":[{\"type\":\"slideshow\",\"props\":{\"link_style\":\"default\",\"link_text\":\"Read more\",\"margin\":\"default\",\"meta_align\":\"below-title\",\"meta_element\":\"div\",\"meta_style\":\"text-meta\",\"nav\":\"dotnav\",\"nav_align\":\"center\",\"nav_breakpoint\":\"s\",\"nav_position\":\"bottom-center\",\"nav_position_margin\":\"medium\",\"overlay_animation\":\"parallax\",\"overlay_position\":\"center-left\",\"show_content\":true,\"show_link\":true,\"show_meta\":true,\"show_thumbnail\":true,\"show_title\":true,\"slidenav\":\"default\",\"slidenav_breakpoint\":\"s\",\"slidenav_margin\":\"medium\",\"slidenav_outside_breakpoint\":\"xl\",\"slideshow_autoplay_pause\":true,\"slideshow_min_height\":300,\"thumbnav_height\":\"75\",\"thumbnav_svg_color\":\"emphasis\",\"thumbnav_width\":\"100\",\"title_element\":\"h3\"},\"children\":[{\"type\":\"slideshow_item\",\"props\":{\"image\":\"wp-content\\\/uploads\\\/2022\\\/07\\\/deba1.png\"}}]}]}]},{\"type\":\"row\",\"props\":{\"column_gap\":\"collapse\",\"layout\":\"1-2,1-2\",\"row_gap\":\"collapse\"},\"children\":[{\"type\":\"column\",\"props\":{\"image_position\":\"center-center\",\"position_sticky_breakpoint\":\"m\",\"width_medium\":\"1-2\"},\"children\":[{\"type\":\"slideshow\",\"props\":{\"link_style\":\"default\",\"link_text\":\"Read more\",\"margin\":\"default\",\"meta_align\":\"below-title\",\"meta_element\":\"div\",\"meta_style\":\"text-meta\",\"nav\":\"dotnav\",\"nav_align\":\"center\",\"nav_breakpoint\":\"s\",\"nav_position\":\"bottom-center\",\"nav_position_margin\":\"medium\",\"overlay_animation\":\"parallax\",\"overlay_position\":\"center-left\",\"show_content\":true,\"show_link\":true,\"show_meta\":true,\"show_thumbnail\":true,\"show_title\":true,\"slidenav\":\"default\",\"slidenav_breakpoint\":\"s\",\"slidenav_margin\":\"medium\",\"slidenav_outside_breakpoint\":\"xl\",\"slideshow_autoplay_pause\":true,\"slideshow_min_height\":300,\"thumbnav_height\":\"75\",\"thumbnav_svg_color\":\"emphasis\",\"thumbnav_width\":\"100\",\"title_element\":\"h3\"},\"children\":[{\"type\":\"slideshow_item\",\"props\":{\"image\":\"wp-content\\\/uploads\\\/2022\\\/07\\\/deba2.png\"}}]}]},{\"type\":\"column\",\"props\":{\"image_position\":\"center-center\",\"position_sticky_breakpoint\":\"m\",\"width_medium\":\"1-2\"},\"children\":[{\"type\":\"slideshow\",\"props\":{\"link_style\":\"default\",\"link_text\":\"Read more\",\"margin\":\"default\",\"meta_align\":\"below-title\",\"meta_element\":\"div\",\"meta_style\":\"text-meta\",\"nav\":\"dotnav\",\"nav_align\":\"center\",\"nav_breakpoint\":\"s\",\"nav_position\":\"bottom-center\",\"nav_position_margin\":\"medium\",\"overlay_animation\":\"parallax\",\"overlay_position\":\"center-left\",\"show_content\":true,\"show_link\":true,\"show_meta\":true,\"show_thumbnail\":true,\"show_title\":true,\"slidenav\":\"default\",\"slidenav_breakpoint\":\"s\",\"slidenav_margin\":\"medium\",\"slidenav_outside_breakpoint\":\"xl\",\"slideshow_autoplay_pause\":true,\"slideshow_min_height\":300,\"thumbnav_height\":\"75\",\"thumbnav_svg_color\":\"emphasis\",\"thumbnav_width\":\"100\",\"title_element\":\"h3\"},\"children\":[{\"type\":\"slideshow_item\",\"props\":{\"image\":\"wp-content\\\/uploads\\\/2022\\\/07\\\/deba3.png\"}}]}]}]}],\"name\":\"deba2\"}],\"version\":\"4.0.6\",\"yooessentialsVersion\":\"2.0.9\"} --><\/p>\n","protected":false},"excerpt":{"rendered":"<p>DEBAKO MERKATUA El mercado de Deba se celebra en el edificio paseo cubierto, cuando hace unos 20 a\u00f1os se cerr\u00f3 el antiguo edificio del mercado, los productores quedaron dispersos en 3 ubicaciones diferentes y en los \u00faltimos meses se ha realizado un trabajo de reencuentro y se ha impulsado el uso de este edificio. Quedan [&hellip;]<\/p>\n","protected":false},"author":1,"featured_media":0,"parent":0,"menu_order":0,"comment_status":"closed","ping_status":"closed","template":"","meta":[],"acf":[],"_links":{"self":[{"href":"https:\/\/azokensarea.eus\/es\/wp-json\/wp\/v2\/pages\/1074"}],"collection":[{"href":"https:\/\/azokensarea.eus\/es\/wp-json\/wp\/v2\/pages"}],"about":[{"href":"https:\/\/azokensarea.eus\/es\/wp-json\/wp\/v2\/types\/page"}],"author":[{"embeddable":true,"href":"https:\/\/azokensarea.eus\/es\/wp-json\/wp\/v2\/users\/1"}],"replies":[{"embeddable":true,"href":"https:\/\/azokensarea.eus\/es\/wp-json\/wp\/v2\/comments?post=1074"}],"version-history":[{"count":6,"href":"https:\/\/azokensarea.eus\/es\/wp-json\/wp\/v2\/pages\/1074\/revisions"}],"predecessor-version":[{"id":1694,"href":"https:\/\/azokensarea.eus\/es\/wp-json\/wp\/v2\/pages\/1074\/revisions\/1694"}],"wp:attachment":[{"href":"https:\/\/azokensarea.eus\/es\/wp-json\/wp\/v2\/media?parent=1074"}],"curies":[{"name":"wp","href":"https:\/\/api.w.org\/{rel}","templated":true}]}}