{"id":1101,"date":"2022-09-29T12:09:35","date_gmt":"2022-09-29T12:09:35","guid":{"rendered":"http:\/\/azokensarea.eus\/hondarribia-2\/"},"modified":"2024-03-15T10:28:42","modified_gmt":"2024-03-15T10:28:42","slug":"hondarribia-2","status":"publish","type":"page","link":"https:\/\/azokensarea.eus\/es\/hondarribia-2\/","title":{"rendered":"Hondarribia"},"content":{"rendered":"<h2>\n<p><strong>HONDARRIBIKO<\/strong> AZOKA<\/p>\n<p><b><\/b><\/h2>\n<div>\n<p>La Feria de Hondarribia es el resultado de la apuesta del Ayuntamiento de Hondarribia por la promoci\u00f3n y valorizaci\u00f3n del sector primario y en concreto de su producto.<\/p>\n<p>En el municipio de Hondarribia existe una tradici\u00f3n reconocida de producci\u00f3n agraria de calidad. Bajo la protecci\u00f3n del monte Jaizkibel se producen productos de excelente calidad y cercan\u00eda al mar Cant\u00e1brico. Ejemplo de ello son el tomate de Hondarribia, el guisante, y la uva de Hondarribi Zuri, que se utiliza en la elaboraci\u00f3n del txakoli.<\/p>\n<p>La Feria de Hondarribia es un punto de venta de productos aut\u00f3ctonos de calidad y un punto de encuentro social. La feria es nuestra tradici\u00f3n, la costumbre, y sobre todo la confianza, en nuestros baserritarras y en nuestro producto.<\/p>\n<p>En ella puedes encontrar verduras, flores, miel, pan artesano y boller\u00eda de temporada.<\/p>\n<\/div>\n<div>\n<h4>D\u00cdA DE MERCADO Y HORARIO:<\/h4>\n<div>\n<p>Verano 8.00-13.30<\/p>\n<p>Invierno 8.00-12.30<\/p>\n<\/div>\n<\/div>\n<div>\n<h3>UBICACI\u00d3N:<\/h3>\n<div>\n<p>Mi\u00e9rcoles: <a href=\"https:\/\/goo.gl\/maps\/rZY5E6ZZY2uX2d569\" target=\"_blank\" rel=\"noopener\">\u00a0Plaza Damarri<\/a><br \/>S\u00e1bados:\u00a0 <a href=\"https:\/\/goo.gl\/maps\/oE9rxLFtzszi2GXK7\" target=\"_blank\" rel=\"noopener\">Calle San Pedro<\/a><\/p>\n<\/div>\n<\/div>\n<div>\n<h3>PROGRAMA AZOKATIK MAHAIRA:<\/h3>\n<p><a href=\"https:\/\/www.youtube.com\/watch?v=RW_GzKhQg6Q\">Ver v\u00eddeo<\/a><\/p>\n<\/div>\n<div>\n<h3>ENLACES:<\/h3>\n<\/div>\n<ul>\n<li><a href=\"https:\/\/www.hondarribia.eus\/es\/azoka\">social<\/a>\n<\/li>\n<\/ul>\n<div>\n<p>    <img src=\"\/wp-content\/uploads\/2022\/06\/hondarribia.jpg\" alt=\"\"><\/p>\n<\/div>\n<div>\n<p>    <img src=\"\/wp-content\/uploads\/2022\/06\/hondarribia2.jpg\" alt=\"\"><\/p>\n<\/div>\n<div>\n<p>    <img src=\"\/wp-content\/uploads\/2022\/06\/hondarribia3.jpg\" alt=\"\"><\/p>\n<\/div>\n<p><!--more--><br \/>\n<!-- {\"type\":\"layout\",\"children\":[{\"type\":\"section\",\"props\":{\"animation\":\"fade\",\"animation_delay\":\"200\",\"id\":\"hondarribia\",\"image_position\":\"center-center\",\"style\":\"secondary\",\"title_breakpoint\":\"xl\",\"title_position\":\"top-left\",\"title_rotation\":\"left\",\"vertical_align\":\"middle\",\"width\":\"default\"},\"children\":[{\"type\":\"row\",\"children\":[{\"type\":\"column\",\"props\":{\"image_position\":\"center-center\",\"position_sticky_breakpoint\":\"m\"},\"children\":[{\"type\":\"headline\",\"props\":{\"content\":\"\n\n<p><strong>HONDARRIBIKO<\\\/strong> AZOKA<\\\/p>\\n<b><\\\/b>\",\"title_color\":\"primary\",\"title_element\":\"h2\",\"title_style\":\"h2\"}}]}]},{\"type\":\"row\",\"props\":{\"layout\":\"3-5,2-5\"},\"children\":[{\"type\":\"column\",\"props\":{\"image_position\":\"center-center\",\"position_sticky_breakpoint\":\"m\",\"width_medium\":\"3-5\"},\"children\":[{\"type\":\"text\",\"props\":{\"column_breakpoint\":\"m\",\"content\":\"\n\n<p>La Feria de Hondarribia es el resultado de la apuesta del Ayuntamiento de Hondarribia por la promoci\\u00f3n y valorizaci\\u00f3n del sector primario y en concreto de su producto.<\\\/p>\\n\n\n<p>En el municipio de Hondarribia existe una tradici\\u00f3n reconocida de producci\\u00f3n agraria de calidad. Bajo la protecci\\u00f3n del monte Jaizkibel se producen productos de excelente calidad y cercan\\u00eda al mar Cant\\u00e1brico. Ejemplo de ello son el tomate de Hondarribia, el guisante, y la uva de Hondarribi Zuri, que se utiliza en la elaboraci\\u00f3n del txakoli.<\\\/p>\\n\n\n<p>La Feria de Hondarribia es un punto de venta de productos aut\\u00f3ctonos de calidad y un punto de encuentro social. La feria es nuestra tradici\\u00f3n, la costumbre, y sobre todo la confianza, en nuestros baserritarras y en nuestro producto.<\\\/p>\\n\n\n<p>En ella puedes encontrar verduras, flores, miel, pan artesano y boller\\u00eda de temporada.<\\\/p>\",\"margin\":\"default\",\"text_style\":\"large\"}}]},{\"type\":\"column\",\"props\":{\"image_position\":\"center-center\",\"position_sticky_breakpoint\":\"m\",\"width_medium\":\"2-5\"},\"children\":[{\"type\":\"panel\",\"props\":{\"content\":\"\n\n<p>Verano 8.00-13.30<\\\/p>\\n\n\n<p>Invierno 8.00-12.30<\\\/p>\",\"content_column_breakpoint\":\"m\",\"content_margin\":\"small\",\"icon_width\":80,\"image_align\":\"top\",\"image_grid_breakpoint\":\"m\",\"image_grid_width\":\"1-2\",\"image_svg_color\":\"emphasis\",\"link_style\":\"default\",\"link_text\":\"Read more\",\"margin\":\"default\",\"meta_align\":\"below-title\",\"meta_element\":\"div\",\"meta_style\":\"text-meta\",\"title\":\"D\\u00cdA DE MERCADO Y HORARIO:\",\"title_align\":\"top\",\"title_element\":\"h4\",\"title_grid_breakpoint\":\"m\",\"title_grid_width\":\"1-2\",\"title_hover_style\":\"reset\"}},{\"type\":\"panel\",\"props\":{\"content\":\"\n\n<p>Mi\\u00e9rcoles: <a href=\\\"https:\\\/\\\/goo.gl\\\/maps\\\/rZY5E6ZZY2uX2d569\\\" target=\\\"_blank\\\" rel=\\\"noopener\\\">\\u00a0Plaza Damarri<\\\/a><br \\\/>S\\u00e1bados:\\u00a0 <a href=\\\"https:\\\/\\\/goo.gl\\\/maps\\\/oE9rxLFtzszi2GXK7\\\" target=\\\"_blank\\\" rel=\\\"noopener\\\">Calle San Pedro<\\\/a><\\\/p>\",\"content_column_breakpoint\":\"m\",\"content_margin\":\"small\",\"icon_width\":80,\"image_align\":\"top\",\"image_grid_breakpoint\":\"m\",\"image_grid_width\":\"1-2\",\"image_svg_color\":\"emphasis\",\"link_margin\":\"small\",\"link_style\":\"text\",\"link_target\":true,\"link_text\":\"Ikusi kokapena\",\"margin\":\"default\",\"meta_align\":\"below-title\",\"meta_element\":\"div\",\"meta_style\":\"text-meta\",\"title\":\"UBICACI\\u00d3N:\",\"title_align\":\"top\",\"title_element\":\"h3\",\"title_grid_breakpoint\":\"m\",\"title_grid_width\":\"1-2\",\"title_hover_style\":\"reset\",\"title_style\":\"h4\"}},{\"type\":\"panel\",\"props\":{\"content\":\"\",\"content_column_breakpoint\":\"m\",\"content_margin\":\"small\",\"icon_width\":80,\"image_align\":\"top\",\"image_grid_breakpoint\":\"m\",\"image_grid_width\":\"1-2\",\"image_svg_color\":\"emphasis\",\"link\":\"https:\\\/\\\/www.youtube.com\\\/watch?v=RW_GzKhQg6Q\",\"link_margin\":\"small\",\"link_style\":\"text\",\"link_target\":true,\"link_text\":\"Ver v\\u00eddeo\",\"margin\":\"default\",\"meta_align\":\"below-title\",\"meta_element\":\"div\",\"meta_style\":\"text-meta\",\"title\":\"PROGRAMA AZOKATIK MAHAIRA:\",\"title_align\":\"top\",\"title_element\":\"h3\",\"title_grid_breakpoint\":\"m\",\"title_grid_width\":\"1-2\",\"title_hover_style\":\"reset\",\"title_style\":\"h4\"},\"name\":\"azokatikmahaira\"},{\"type\":\"panel\",\"props\":{\"content\":\"\",\"content_column_breakpoint\":\"m\",\"content_margin\":\"small\",\"icon_width\":80,\"image_align\":\"top\",\"image_grid_breakpoint\":\"m\",\"image_grid_width\":\"1-2\",\"image_svg_color\":\"emphasis\",\"link_margin\":\"small\",\"link_style\":\"text\",\"link_target\":true,\"link_text\":\"Ikusi kokapena\",\"margin\":\"default\",\"meta_align\":\"below-title\",\"meta_element\":\"div\",\"meta_style\":\"text-meta\",\"title\":\"ENLACES:\",\"title_align\":\"top\",\"title_element\":\"h3\",\"title_grid_breakpoint\":\"m\",\"title_grid_width\":\"1-2\",\"title_hover_style\":\"reset\",\"title_style\":\"h4\"}},{\"type\":\"social\",\"props\":{\"grid\":\"horizontal\",\"grid_gap\":\"small\",\"image_svg_inline\":true,\"link_style\":\"\",\"link_target\":true,\"margin\":\"default\"},\"children\":[{\"type\":\"social_item\",\"props\":{\"icon\":\"world\",\"link\":\"https:\\\/\\\/www.hondarribia.eus\\\/es\\\/azoka\"}}]}]}]}],\"name\":\"hondarribi\"},{\"type\":\"section\",\"props\":{\"animation\":\"fade\",\"animation_delay\":\"200\",\"image_position\":\"center-center\",\"padding\":\"none\",\"style\":\"default\",\"title_breakpoint\":\"xl\",\"title_position\":\"top-left\",\"title_rotation\":\"left\",\"vertical_align\":\"middle\",\"width\":\"\"},\"children\":[{\"type\":\"row\",\"props\":{\"column_gap\":\"collapse\",\"row_gap\":\"collapse\"},\"children\":[{\"type\":\"column\",\"props\":{\"image_position\":\"center-center\",\"position_sticky_breakpoint\":\"m\"},\"children\":[{\"type\":\"slideshow\",\"props\":{\"link_style\":\"default\",\"link_text\":\"Read more\",\"margin\":\"default\",\"meta_align\":\"below-title\",\"meta_element\":\"div\",\"meta_style\":\"text-meta\",\"nav\":\"dotnav\",\"nav_align\":\"center\",\"nav_breakpoint\":\"s\",\"nav_position\":\"bottom-center\",\"nav_position_margin\":\"medium\",\"overlay_animation\":\"parallax\",\"overlay_position\":\"center-left\",\"show_content\":true,\"show_link\":true,\"show_meta\":true,\"show_thumbnail\":true,\"show_title\":true,\"slidenav\":\"default\",\"slidenav_breakpoint\":\"s\",\"slidenav_margin\":\"medium\",\"slidenav_outside_breakpoint\":\"xl\",\"slideshow_autoplay_pause\":true,\"slideshow_min_height\":300,\"thumbnav_height\":\"75\",\"thumbnav_svg_color\":\"emphasis\",\"thumbnav_width\":\"100\",\"title_element\":\"h3\"},\"children\":[{\"type\":\"slideshow_item\",\"props\":{\"image\":\"wp-content\\\/uploads\\\/2022\\\/06\\\/hondarribia.jpg\"}}]}]}]},{\"type\":\"row\",\"props\":{\"column_gap\":\"collapse\",\"layout\":\"1-2,1-2\",\"row_gap\":\"collapse\"},\"children\":[{\"type\":\"column\",\"props\":{\"image_position\":\"center-center\",\"position_sticky_breakpoint\":\"m\",\"width_medium\":\"1-2\"},\"children\":[{\"type\":\"slideshow\",\"props\":{\"link_style\":\"default\",\"link_text\":\"Read more\",\"margin\":\"default\",\"meta_align\":\"below-title\",\"meta_element\":\"div\",\"meta_style\":\"text-meta\",\"nav\":\"dotnav\",\"nav_align\":\"center\",\"nav_breakpoint\":\"s\",\"nav_position\":\"bottom-center\",\"nav_position_margin\":\"medium\",\"overlay_animation\":\"parallax\",\"overlay_position\":\"center-left\",\"show_content\":true,\"show_link\":true,\"show_meta\":true,\"show_thumbnail\":true,\"show_title\":true,\"slidenav\":\"default\",\"slidenav_breakpoint\":\"s\",\"slidenav_margin\":\"medium\",\"slidenav_outside_breakpoint\":\"xl\",\"slideshow_autoplay_pause\":true,\"slideshow_min_height\":300,\"thumbnav_height\":\"75\",\"thumbnav_svg_color\":\"emphasis\",\"thumbnav_width\":\"100\",\"title_element\":\"h3\"},\"children\":[{\"type\":\"slideshow_item\",\"props\":{\"image\":\"wp-content\\\/uploads\\\/2022\\\/06\\\/hondarribia2.jpg\"}}]}]},{\"type\":\"column\",\"props\":{\"image_position\":\"center-center\",\"position_sticky_breakpoint\":\"m\",\"width_medium\":\"1-2\"},\"children\":[{\"type\":\"slideshow\",\"props\":{\"link_style\":\"default\",\"link_text\":\"Read more\",\"margin\":\"default\",\"meta_align\":\"below-title\",\"meta_element\":\"div\",\"meta_style\":\"text-meta\",\"nav\":\"dotnav\",\"nav_align\":\"center\",\"nav_breakpoint\":\"s\",\"nav_position\":\"bottom-center\",\"nav_position_margin\":\"medium\",\"overlay_animation\":\"parallax\",\"overlay_position\":\"center-left\",\"show_content\":true,\"show_link\":true,\"show_meta\":true,\"show_thumbnail\":true,\"show_title\":true,\"slidenav\":\"default\",\"slidenav_breakpoint\":\"s\",\"slidenav_margin\":\"medium\",\"slidenav_outside_breakpoint\":\"xl\",\"slideshow_autoplay_pause\":true,\"slideshow_min_height\":300,\"thumbnav_height\":\"75\",\"thumbnav_svg_color\":\"emphasis\",\"thumbnav_width\":\"100\",\"title_element\":\"h3\"},\"children\":[{\"type\":\"slideshow_item\",\"props\":{\"image\":\"wp-content\\\/uploads\\\/2022\\\/06\\\/hondarribia3.jpg\"}}]}]}]}],\"name\":\"hondarribi2\"}],\"version\":\"4.0.6\",\"yooessentialsVersion\":\"2.0.9\"} --><\/p>\n","protected":false},"excerpt":{"rendered":"<p>HONDARRIBIKO AZOKA La Feria de Hondarribia es el resultado de la apuesta del Ayuntamiento de Hondarribia por la promoci\u00f3n y valorizaci\u00f3n del sector primario y en concreto de su producto. En el municipio de Hondarribia existe una tradici\u00f3n reconocida de producci\u00f3n agraria de calidad. Bajo la protecci\u00f3n del monte Jaizkibel se producen productos de excelente [&hellip;]<\/p>\n","protected":false},"author":1,"featured_media":0,"parent":0,"menu_order":0,"comment_status":"closed","ping_status":"closed","template":"","meta":[],"acf":[],"_links":{"self":[{"href":"https:\/\/azokensarea.eus\/es\/wp-json\/wp\/v2\/pages\/1101"}],"collection":[{"href":"https:\/\/azokensarea.eus\/es\/wp-json\/wp\/v2\/pages"}],"about":[{"href":"https:\/\/azokensarea.eus\/es\/wp-json\/wp\/v2\/types\/page"}],"author":[{"embeddable":true,"href":"https:\/\/azokensarea.eus\/es\/wp-json\/wp\/v2\/users\/1"}],"replies":[{"embeddable":true,"href":"https:\/\/azokensarea.eus\/es\/wp-json\/wp\/v2\/comments?post=1101"}],"version-history":[{"count":5,"href":"https:\/\/azokensarea.eus\/es\/wp-json\/wp\/v2\/pages\/1101\/revisions"}],"predecessor-version":[{"id":1698,"href":"https:\/\/azokensarea.eus\/es\/wp-json\/wp\/v2\/pages\/1101\/revisions\/1698"}],"wp:attachment":[{"href":"https:\/\/azokensarea.eus\/es\/wp-json\/wp\/v2\/media?parent=1101"}],"curies":[{"name":"wp","href":"https:\/\/api.w.org\/{rel}","templated":true}]}}