{"id":1112,"date":"2022-09-29T12:10:23","date_gmt":"2022-09-29T12:10:23","guid":{"rendered":"http:\/\/azokensarea.eus\/mutriku\/"},"modified":"2024-03-15T10:29:29","modified_gmt":"2024-03-15T10:29:29","slug":"mutriku","status":"publish","type":"page","link":"https:\/\/azokensarea.eus\/es\/mutriku\/","title":{"rendered":"Mutriku"},"content":{"rendered":"<h2>\n<p><strong>MUTRIKUKO<\/strong> MERKATU PLAZA<\/p>\n<p><b><\/b><\/h2>\n<div>La Plaza del Mercado de Mutriku es una feria tradicional en la que puestos fijos comparten espacio con los baserritarras. Actualmente hay 4 puestos fijos (Dos fruter\u00edas, una tienda de flores y una pescader\u00eda) y otros 4 caser\u00edos descienden con mucha frecuencia.<\/div>\n<div>\n<h4>D\u00cdA DE MERCADO Y HORARIO:<\/h4>\n<div>\n<p>El mercado est\u00e1 abierto de lunes a s\u00e1bado. <br \/>Por la ma\u00f1ana la mayor\u00eda de puesto y la pescader\u00eda por la ma\u00f1ana y por la tarde. <br \/>En cuanto a los baserritarras, con frecuencia semanal descienden de 4 caser\u00edos del pueblo: el caser\u00edo Ibiri, el caser\u00edo Itsasgain, el caser\u00edo Erremieta y el caser\u00edo Aritza. <br \/>El d\u00eda m\u00e1s importante para las ventas es el viernes por la ma\u00f1ana y ese d\u00eda se juntan todos los caser\u00edos. <br \/>En \u00e9pocas especiales, tambi\u00e9n traen el producto de otros dos caser\u00edos: En verano, desde el caser\u00edo Etxerre, principalmente tomates, y en oto\u00f1o, desde el caser\u00edo Sagarmina, para vender frutas. &#8230;<\/p>\n<\/div>\n<\/div>\n<div>\n<h3>UBICACI\u00d3N:<\/h3>\n<div>\n<div class=\"page\" title=\"Page 5\">\n<div class=\"section\">\n<div class=\"layoutArea\">\n<div class=\"column\">\n<p><span>La Plaza del Mercado de Mutriku se situ\u0301a en el centro del Casco Histo\u0301rico, declarado Conjunto Monumental. Bajo la plaza inferior.<br \/><\/span><\/p>\n<\/div>\n<\/div>\n<\/div>\n<\/div>\n<\/div>\n<p><a href=\"https:\/\/goo.gl\/maps\/ro3v4j55oc17CQ8BA\">Ver ubicaci\u00f3n<\/a><\/p>\n<\/div>\n<div>\n<h3>PROGRAMA AZOKATIK MAHAIRA:<\/h3>\n<p><a href=\"https:\/\/www.youtube.com\/watch?v=6csac29ctPs\">Ver v\u00eddeo<\/a><\/p>\n<\/div>\n<div>\n<h3>ENLACES:<\/h3>\n<\/div>\n<ul>\n<li><a href=\"https:\/\/www.mutriku.eus\/\">social<\/a>\n<\/li>\n<\/ul>\n<div>\n<p>    <img src=\"\/wp-content\/uploads\/2022\/06\/mutriku1.jpg\" alt=\"\"><\/p>\n<\/div>\n<div>\n<p>    <img src=\"\/wp-content\/uploads\/2022\/06\/mutriku2.jpg\" alt=\"\"><\/p>\n<\/div>\n<div>\n<p>    <img src=\"\/wp-content\/uploads\/2022\/06\/mutriku3.jpg\" alt=\"\"><\/p>\n<\/div>\n<p><!--more--><br \/>\n<!-- {\"type\":\"layout\",\"children\":[{\"type\":\"section\",\"props\":{\"animation\":\"fade\",\"animation_delay\":\"200\",\"id\":\"mutriku\",\"image_position\":\"center-center\",\"style\":\"secondary\",\"title_breakpoint\":\"xl\",\"title_position\":\"top-left\",\"title_rotation\":\"left\",\"vertical_align\":\"middle\",\"width\":\"default\"},\"children\":[{\"type\":\"row\",\"children\":[{\"type\":\"column\",\"props\":{\"image_position\":\"center-center\",\"position_sticky_breakpoint\":\"m\"},\"children\":[{\"type\":\"headline\",\"props\":{\"content\":\"\n\n<p><strong>MUTRIKUKO<\\\/strong> MERKATU PLAZA<\\\/p>\\n<b><\\\/b>\",\"title_color\":\"primary\",\"title_element\":\"h2\",\"title_style\":\"h2\"}}]}]},{\"type\":\"row\",\"props\":{\"layout\":\"3-5,2-5\"},\"children\":[{\"type\":\"column\",\"props\":{\"image_position\":\"center-center\",\"position_sticky_breakpoint\":\"m\",\"width_medium\":\"3-5\"},\"children\":[{\"type\":\"text\",\"props\":{\"column_breakpoint\":\"m\",\"content\":\"La Plaza del Mercado de Mutriku es una feria tradicional en la que puestos fijos comparten espacio con los baserritarras. Actualmente hay 4 puestos fijos (Dos fruter\\u00edas, una tienda de flores y una pescader\\u00eda) y otros 4 caser\\u00edos descienden con mucha frecuencia.\",\"margin\":\"default\",\"text_style\":\"large\"}}]},{\"type\":\"column\",\"props\":{\"image_position\":\"center-center\",\"position_sticky_breakpoint\":\"m\",\"width_medium\":\"2-5\"},\"children\":[{\"type\":\"panel\",\"props\":{\"content\":\"\n\n<p>El mercado est\\u00e1 abierto de lunes a s\\u00e1bado. <br \\\/>Por la ma\\u00f1ana la mayor\\u00eda de puesto y la pescader\\u00eda por la ma\\u00f1ana y por la tarde. <br \\\/>En cuanto a los baserritarras, con frecuencia semanal descienden de 4 caser\\u00edos del pueblo: el caser\\u00edo Ibiri, el caser\\u00edo Itsasgain, el caser\\u00edo Erremieta y el caser\\u00edo Aritza. <br \\\/>El d\\u00eda m\\u00e1s importante para las ventas es el viernes por la ma\\u00f1ana y ese d\\u00eda se juntan todos los caser\\u00edos. <br \\\/>En \\u00e9pocas especiales, tambi\\u00e9n traen el producto de otros dos caser\\u00edos: En verano, desde el caser\\u00edo Etxerre, principalmente tomates, y en oto\\u00f1o, desde el caser\\u00edo Sagarmina, para vender frutas. ...<\\\/p>\",\"content_column_breakpoint\":\"m\",\"content_margin\":\"small\",\"icon_width\":80,\"image_align\":\"top\",\"image_grid_breakpoint\":\"m\",\"image_grid_width\":\"1-2\",\"image_svg_color\":\"emphasis\",\"link_style\":\"default\",\"link_text\":\"Read more\",\"margin\":\"default\",\"meta_align\":\"below-title\",\"meta_element\":\"div\",\"meta_style\":\"text-meta\",\"title\":\"D\\u00cdA DE MERCADO Y HORARIO:\",\"title_align\":\"top\",\"title_element\":\"h4\",\"title_grid_breakpoint\":\"m\",\"title_grid_width\":\"1-2\",\"title_hover_style\":\"reset\"}},{\"type\":\"panel\",\"props\":{\"content\":\"\n\n<div class=\\\"page\\\" title=\\\"Page 5\\\">\\n\n\n<div class=\\\"section\\\">\\n\n\n<div class=\\\"layoutArea\\\">\\n\n\n<div class=\\\"column\\\">\\n\n\n<p><span>La Plaza del Mercado de Mutriku se situ\\u0301a en el centro del Casco Histo\\u0301rico, declarado Conjunto Monumental. Bajo la plaza inferior.<br \\\/><\\\/span><\\\/p>\\n<\\\/div>\\n<\\\/div>\\n<\\\/div>\\n<\\\/div>\",\"content_column_breakpoint\":\"m\",\"content_margin\":\"small\",\"icon_width\":80,\"image_align\":\"top\",\"image_grid_breakpoint\":\"m\",\"image_grid_width\":\"1-2\",\"image_svg_color\":\"emphasis\",\"link\":\"https:\\\/\\\/goo.gl\\\/maps\\\/ro3v4j55oc17CQ8BA\",\"link_margin\":\"small\",\"link_style\":\"text\",\"link_target\":true,\"link_text\":\"Ver ubicaci\\u00f3n\",\"margin\":\"default\",\"meta_align\":\"below-title\",\"meta_element\":\"div\",\"meta_style\":\"text-meta\",\"title\":\"UBICACI\\u00d3N:\",\"title_align\":\"top\",\"title_element\":\"h3\",\"title_grid_breakpoint\":\"m\",\"title_grid_width\":\"1-2\",\"title_hover_style\":\"reset\",\"title_style\":\"h4\"}},{\"type\":\"panel\",\"props\":{\"content\":\"\",\"content_column_breakpoint\":\"m\",\"content_margin\":\"small\",\"icon_width\":80,\"image_align\":\"top\",\"image_grid_breakpoint\":\"m\",\"image_grid_width\":\"1-2\",\"image_svg_color\":\"emphasis\",\"link\":\"https:\\\/\\\/www.youtube.com\\\/watch?v=6csac29ctPs\",\"link_margin\":\"small\",\"link_style\":\"text\",\"link_target\":true,\"link_text\":\"Ver v\\u00eddeo\",\"margin\":\"default\",\"meta_align\":\"below-title\",\"meta_element\":\"div\",\"meta_style\":\"text-meta\",\"title\":\"PROGRAMA AZOKATIK MAHAIRA:\",\"title_align\":\"top\",\"title_element\":\"h3\",\"title_grid_breakpoint\":\"m\",\"title_grid_width\":\"1-2\",\"title_hover_style\":\"reset\",\"title_style\":\"h4\"},\"name\":\"azokatikmahaira\"},{\"type\":\"panel\",\"props\":{\"content\":\"\",\"content_column_breakpoint\":\"m\",\"content_margin\":\"small\",\"icon_width\":80,\"image_align\":\"top\",\"image_grid_breakpoint\":\"m\",\"image_grid_width\":\"1-2\",\"image_svg_color\":\"emphasis\",\"link_margin\":\"small\",\"link_style\":\"text\",\"link_target\":true,\"link_text\":\"Ikusi kokapena\",\"margin\":\"default\",\"meta_align\":\"below-title\",\"meta_element\":\"div\",\"meta_style\":\"text-meta\",\"title\":\"ENLACES:\",\"title_align\":\"top\",\"title_element\":\"h3\",\"title_grid_breakpoint\":\"m\",\"title_grid_width\":\"1-2\",\"title_hover_style\":\"reset\",\"title_style\":\"h4\"}},{\"type\":\"social\",\"props\":{\"grid\":\"horizontal\",\"grid_gap\":\"small\",\"image_svg_inline\":true,\"link_style\":\"\",\"link_target\":true,\"margin\":\"default\"},\"children\":[{\"type\":\"social_item\",\"props\":{\"icon\":\"world\",\"link\":\"https:\\\/\\\/www.mutriku.eus\\\/\"}}]}]}]}],\"name\":\"mutriku\"},{\"type\":\"section\",\"props\":{\"animation\":\"fade\",\"animation_delay\":\"200\",\"image_position\":\"center-center\",\"padding\":\"none\",\"style\":\"default\",\"title_breakpoint\":\"xl\",\"title_position\":\"top-left\",\"title_rotation\":\"left\",\"vertical_align\":\"middle\",\"width\":\"\"},\"children\":[{\"type\":\"row\",\"props\":{\"column_gap\":\"collapse\",\"row_gap\":\"collapse\"},\"children\":[{\"type\":\"column\",\"props\":{\"image_position\":\"center-center\",\"position_sticky_breakpoint\":\"m\"},\"children\":[{\"type\":\"slideshow\",\"props\":{\"link_style\":\"default\",\"link_text\":\"Read more\",\"margin\":\"default\",\"meta_align\":\"below-title\",\"meta_element\":\"div\",\"meta_style\":\"text-meta\",\"nav\":\"dotnav\",\"nav_align\":\"center\",\"nav_breakpoint\":\"s\",\"nav_position\":\"bottom-center\",\"nav_position_margin\":\"medium\",\"overlay_animation\":\"parallax\",\"overlay_position\":\"center-left\",\"show_content\":true,\"show_link\":true,\"show_meta\":true,\"show_thumbnail\":true,\"show_title\":true,\"slidenav\":\"default\",\"slidenav_breakpoint\":\"s\",\"slidenav_margin\":\"medium\",\"slidenav_outside_breakpoint\":\"xl\",\"slideshow_autoplay_pause\":true,\"slideshow_min_height\":300,\"thumbnav_height\":\"75\",\"thumbnav_svg_color\":\"emphasis\",\"thumbnav_width\":\"100\",\"title_element\":\"h3\"},\"children\":[{\"type\":\"slideshow_item\",\"props\":{\"image\":\"wp-content\\\/uploads\\\/2022\\\/06\\\/mutriku1.jpg\"}}]}]}]},{\"type\":\"row\",\"props\":{\"column_gap\":\"collapse\",\"layout\":\"1-2,1-2\",\"row_gap\":\"collapse\"},\"children\":[{\"type\":\"column\",\"props\":{\"image_position\":\"center-center\",\"position_sticky_breakpoint\":\"m\",\"width_medium\":\"1-2\"},\"children\":[{\"type\":\"slideshow\",\"props\":{\"link_style\":\"default\",\"link_text\":\"Read more\",\"margin\":\"default\",\"meta_align\":\"below-title\",\"meta_element\":\"div\",\"meta_style\":\"text-meta\",\"nav\":\"dotnav\",\"nav_align\":\"center\",\"nav_breakpoint\":\"s\",\"nav_position\":\"bottom-center\",\"nav_position_margin\":\"medium\",\"overlay_animation\":\"parallax\",\"overlay_position\":\"center-left\",\"show_content\":true,\"show_link\":true,\"show_meta\":true,\"show_thumbnail\":true,\"show_title\":true,\"slidenav\":\"default\",\"slidenav_breakpoint\":\"s\",\"slidenav_margin\":\"medium\",\"slidenav_outside_breakpoint\":\"xl\",\"slideshow_autoplay_pause\":true,\"slideshow_min_height\":300,\"thumbnav_height\":\"75\",\"thumbnav_svg_color\":\"emphasis\",\"thumbnav_width\":\"100\",\"title_element\":\"h3\"},\"children\":[{\"type\":\"slideshow_item\",\"props\":{\"image\":\"wp-content\\\/uploads\\\/2022\\\/06\\\/mutriku2.jpg\"}}]}]},{\"type\":\"column\",\"props\":{\"image_position\":\"center-center\",\"position_sticky_breakpoint\":\"m\",\"width_medium\":\"1-2\"},\"children\":[{\"type\":\"slideshow\",\"props\":{\"link_style\":\"default\",\"link_text\":\"Read more\",\"margin\":\"default\",\"meta_align\":\"below-title\",\"meta_element\":\"div\",\"meta_style\":\"text-meta\",\"nav\":\"dotnav\",\"nav_align\":\"center\",\"nav_breakpoint\":\"s\",\"nav_position\":\"bottom-center\",\"nav_position_margin\":\"medium\",\"overlay_animation\":\"parallax\",\"overlay_position\":\"center-left\",\"show_content\":true,\"show_link\":true,\"show_meta\":true,\"show_thumbnail\":true,\"show_title\":true,\"slidenav\":\"default\",\"slidenav_breakpoint\":\"s\",\"slidenav_margin\":\"medium\",\"slidenav_outside_breakpoint\":\"xl\",\"slideshow_autoplay_pause\":true,\"slideshow_min_height\":300,\"thumbnav_height\":\"75\",\"thumbnav_svg_color\":\"emphasis\",\"thumbnav_width\":\"100\",\"title_element\":\"h3\"},\"children\":[{\"type\":\"slideshow_item\",\"props\":{\"image\":\"wp-content\\\/uploads\\\/2022\\\/06\\\/mutriku3.jpg\"}}]}]}]}],\"name\":\"mutriku2\"}],\"version\":\"4.0.6\",\"yooessentialsVersion\":\"2.0.9\"} --><\/p>\n","protected":false},"excerpt":{"rendered":"<p>MUTRIKUKO MERKATU PLAZA La Plaza del Mercado de Mutriku es una feria tradicional en la que puestos fijos comparten espacio con los baserritarras. Actualmente hay 4 puestos fijos (Dos fruter\u00edas, una tienda de flores y una pescader\u00eda) y otros 4 caser\u00edos descienden con mucha frecuencia. D\u00cdA DE MERCADO Y HORARIO: El mercado est\u00e1 abierto de [&hellip;]<\/p>\n","protected":false},"author":1,"featured_media":0,"parent":0,"menu_order":0,"comment_status":"closed","ping_status":"closed","template":"","meta":[],"acf":[],"_links":{"self":[{"href":"https:\/\/azokensarea.eus\/es\/wp-json\/wp\/v2\/pages\/1112"}],"collection":[{"href":"https:\/\/azokensarea.eus\/es\/wp-json\/wp\/v2\/pages"}],"about":[{"href":"https:\/\/azokensarea.eus\/es\/wp-json\/wp\/v2\/types\/page"}],"author":[{"embeddable":true,"href":"https:\/\/azokensarea.eus\/es\/wp-json\/wp\/v2\/users\/1"}],"replies":[{"embeddable":true,"href":"https:\/\/azokensarea.eus\/es\/wp-json\/wp\/v2\/comments?post=1112"}],"version-history":[{"count":6,"href":"https:\/\/azokensarea.eus\/es\/wp-json\/wp\/v2\/pages\/1112\/revisions"}],"predecessor-version":[{"id":1700,"href":"https:\/\/azokensarea.eus\/es\/wp-json\/wp\/v2\/pages\/1112\/revisions\/1700"}],"wp:attachment":[{"href":"https:\/\/azokensarea.eus\/es\/wp-json\/wp\/v2\/media?parent=1112"}],"curies":[{"name":"wp","href":"https:\/\/api.w.org\/{rel}","templated":true}]}}