{"id":1125,"date":"2022-09-29T12:11:13","date_gmt":"2022-09-29T12:11:13","guid":{"rendered":"http:\/\/azokensarea.eus\/onati\/"},"modified":"2024-03-15T10:30:10","modified_gmt":"2024-03-15T10:30:10","slug":"onati","status":"publish","type":"page","link":"https:\/\/azokensarea.eus\/es\/onati\/","title":{"rendered":"O\u00f1ati"},"content":{"rendered":"<h2>\n<p class=\"p1\"><span class=\"s1\">O\u00d1ATIKO BERDURA PLAZIA<\/span><\/p>\n<\/h2>\n<div>\n<p>La Plaza del Mercado o Plaza de Verdura est\u00e1 situada sobre el arroyo Olaran, en un edificio de pocas d\u00e9cadas, albergado en dos plantas (s\u00f3tano y planta baja). El edificio, abierto por cuatro lados, tiene como principal resalte el front\u00f3n situado en el borde de la plaza de los Fueros.<\/p>\n<p>Desde el punto de vista de la oferta, se trata de una feria bastante completa, ya que adem\u00e1s de los productores de productos agr\u00edcolas locales y de la zona circundante, tambi\u00e9n se pueden encontrar otros productores de alimentos y vendedores de ropa y electrodom\u00e9sticos. La feria cuenta tambi\u00e9n con un puesto fijo, la pescader\u00eda. El de O\u00f1ati es una cita que se repite todos los s\u00e1bados por la ma\u00f1ana. Se trata de una feria de largo recorrido, muy arraigada en la din\u00e1mica socio-comercial del municipio, conocida para todos los o\u00f1atarras.<\/p>\n<\/div>\n<div>\n<h4>D\u00cdA DE MERCADO Y HORARIO:<\/h4>\n<div>\n<p>S\u00e1bado por la ma\u00f1ana: 8:00 \u2013 13:00<\/p>\n<\/div>\n<\/div>\n<div>\n<h3>UBICACI\u00d3N:<\/h3>\n<div>Se ubica a lado del front\u00f3n de O\u00f1ati<\/div>\n<p><a href=\"https:\/\/goo.gl\/maps\/uoTWT1hKQ91qh5br9\">Ver ubicaci\u00f3n<\/a><\/p>\n<\/div>\n<div>\n<h3>PROGRAMA AZOKATIK MAHAIRA:<\/h3>\n<p><a href=\"https:\/\/www.youtube.com\/watch?v=vppsUFihd9E\">Ver v\u00eddeo<\/a><\/p>\n<\/div>\n<div>\n<h3>ENLACES:<\/h3>\n<\/div>\n<ul>\n<li><a href=\"http:\/\/www.onati.eus\/\">social<\/a>\n<\/li>\n<li><a href=\"https:\/\/www.o\u00f1atiturismo.eus\/es\/\">social<\/a>\n<\/li>\n<\/ul>\n<div>\n<p>    <img src=\"\/wp-content\/uploads\/2022\/06\/onati1.jpg\" alt=\"\"><\/p>\n<\/div>\n<div>\n<p>    <img src=\"\/wp-content\/uploads\/2022\/06\/onati2.jpg\" alt=\"\"><\/p>\n<\/div>\n<div>\n<p>    <img src=\"\/wp-content\/uploads\/2022\/06\/onati3.jpg\" alt=\"\"><\/p>\n<\/div>\n<p><!--more--><br \/>\n<!-- {\"type\":\"layout\",\"children\":[{\"type\":\"section\",\"props\":{\"animation\":\"fade\",\"animation_delay\":\"200\",\"id\":\"onati\",\"image_position\":\"center-center\",\"style\":\"primary\",\"title_breakpoint\":\"xl\",\"title_position\":\"top-left\",\"title_rotation\":\"left\",\"vertical_align\":\"middle\",\"width\":\"default\"},\"children\":[{\"type\":\"row\",\"children\":[{\"type\":\"column\",\"props\":{\"image_position\":\"center-center\",\"position_sticky_breakpoint\":\"m\"},\"children\":[{\"type\":\"headline\",\"props\":{\"content\":\"\n\n<p class=\\\"p1\\\"><span class=\\\"s1\\\">O\\u00d1ATIKO BERDURA PLAZIA<\\\/span><\\\/p>\",\"title_color\":\"primary\",\"title_element\":\"h2\",\"title_style\":\"h2\"}}]}]},{\"type\":\"row\",\"props\":{\"layout\":\"3-5,2-5\"},\"children\":[{\"type\":\"column\",\"props\":{\"image_position\":\"center-center\",\"position_sticky_breakpoint\":\"m\",\"width_medium\":\"3-5\"},\"children\":[{\"type\":\"text\",\"props\":{\"column_breakpoint\":\"m\",\"content\":\"\n\n<p>La Plaza del Mercado o Plaza de Verdura est\\u00e1 situada sobre el arroyo Olaran, en un edificio de pocas d\\u00e9cadas, albergado en dos plantas (s\\u00f3tano y planta baja). El edificio, abierto por cuatro lados, tiene como principal resalte el front\\u00f3n situado en el borde de la plaza de los Fueros.<\\\/p>\\n\n\n<p>Desde el punto de vista de la oferta, se trata de una feria bastante completa, ya que adem\\u00e1s de los productores de productos agr\\u00edcolas locales y de la zona circundante, tambi\\u00e9n se pueden encontrar otros productores de alimentos y vendedores de ropa y electrodom\\u00e9sticos. La feria cuenta tambi\\u00e9n con un puesto fijo, la pescader\\u00eda. El de O\\u00f1ati es una cita que se repite todos los s\\u00e1bados por la ma\\u00f1ana. Se trata de una feria de largo recorrido, muy arraigada en la din\\u00e1mica socio-comercial del municipio, conocida para todos los o\\u00f1atarras.<\\\/p>\",\"margin\":\"default\",\"text_style\":\"large\"}}]},{\"type\":\"column\",\"props\":{\"image_position\":\"center-center\",\"position_sticky_breakpoint\":\"m\",\"width_medium\":\"2-5\"},\"children\":[{\"type\":\"panel\",\"props\":{\"content\":\"\n\n<p>S\\u00e1bado por la ma\\u00f1ana: 8:00 \\u2013 13:00<\\\/p>\",\"content_column_breakpoint\":\"m\",\"content_margin\":\"small\",\"icon_width\":80,\"image_align\":\"top\",\"image_grid_breakpoint\":\"m\",\"image_grid_width\":\"1-2\",\"image_svg_color\":\"emphasis\",\"link_style\":\"default\",\"link_text\":\"Read more\",\"margin\":\"default\",\"meta_align\":\"below-title\",\"meta_element\":\"div\",\"meta_style\":\"text-meta\",\"title\":\"D\\u00cdA DE MERCADO Y HORARIO:\",\"title_align\":\"top\",\"title_element\":\"h4\",\"title_grid_breakpoint\":\"m\",\"title_grid_width\":\"1-2\",\"title_hover_style\":\"reset\"}},{\"type\":\"panel\",\"props\":{\"content\":\"Se ubica a lado del front\\u00f3n de O\\u00f1ati\",\"content_column_breakpoint\":\"m\",\"content_margin\":\"small\",\"icon_width\":80,\"image_align\":\"top\",\"image_grid_breakpoint\":\"m\",\"image_grid_width\":\"1-2\",\"image_svg_color\":\"emphasis\",\"link\":\"https:\\\/\\\/goo.gl\\\/maps\\\/uoTWT1hKQ91qh5br9\",\"link_margin\":\"small\",\"link_style\":\"text\",\"link_target\":true,\"link_text\":\"Ver ubicaci\\u00f3n\",\"margin\":\"default\",\"meta_align\":\"below-title\",\"meta_element\":\"div\",\"meta_style\":\"text-meta\",\"title\":\"UBICACI\\u00d3N:\",\"title_align\":\"top\",\"title_element\":\"h3\",\"title_grid_breakpoint\":\"m\",\"title_grid_width\":\"1-2\",\"title_hover_style\":\"reset\",\"title_style\":\"h4\"}},{\"type\":\"panel\",\"props\":{\"content\":\"\",\"content_column_breakpoint\":\"m\",\"content_margin\":\"small\",\"icon_width\":80,\"image_align\":\"top\",\"image_grid_breakpoint\":\"m\",\"image_grid_width\":\"1-2\",\"image_svg_color\":\"emphasis\",\"link\":\"https:\\\/\\\/www.youtube.com\\\/watch?v=vppsUFihd9E\",\"link_margin\":\"small\",\"link_style\":\"text\",\"link_target\":true,\"link_text\":\"Ver v\\u00eddeo\",\"margin\":\"default\",\"meta_align\":\"below-title\",\"meta_element\":\"div\",\"meta_style\":\"text-meta\",\"title\":\"PROGRAMA AZOKATIK MAHAIRA:\",\"title_align\":\"top\",\"title_element\":\"h3\",\"title_grid_breakpoint\":\"m\",\"title_grid_width\":\"1-2\",\"title_hover_style\":\"reset\",\"title_style\":\"h4\"},\"name\":\"azokatikmahaira\"},{\"type\":\"panel\",\"props\":{\"content\":\"\",\"content_column_breakpoint\":\"m\",\"content_margin\":\"small\",\"icon_width\":80,\"image_align\":\"top\",\"image_grid_breakpoint\":\"m\",\"image_grid_width\":\"1-2\",\"image_svg_color\":\"emphasis\",\"link_margin\":\"small\",\"link_style\":\"text\",\"link_target\":true,\"link_text\":\"Ikusi kokapena\",\"margin\":\"default\",\"meta_align\":\"below-title\",\"meta_element\":\"div\",\"meta_style\":\"text-meta\",\"title\":\"ENLACES:\",\"title_align\":\"top\",\"title_element\":\"h3\",\"title_grid_breakpoint\":\"m\",\"title_grid_width\":\"1-2\",\"title_hover_style\":\"reset\",\"title_style\":\"h4\"}},{\"type\":\"social\",\"props\":{\"grid\":\"horizontal\",\"grid_gap\":\"small\",\"image_svg_inline\":true,\"link_style\":\"\",\"link_target\":true,\"margin\":\"default\"},\"children\":[{\"type\":\"social_item\",\"props\":{\"icon\":\"world\",\"link\":\"http:\\\/\\\/www.onati.eus\\\/\"}},{\"type\":\"social_item\",\"props\":{\"icon\":\"info\",\"link\":\"https:\\\/\\\/www.o\\u00f1atiturismo.eus\\\/es\\\/\"}}]}]}]}],\"name\":\"o\\u00f1ati\"},{\"type\":\"section\",\"props\":{\"animation\":\"fade\",\"animation_delay\":\"200\",\"image_position\":\"center-center\",\"padding\":\"none\",\"style\":\"default\",\"title_breakpoint\":\"xl\",\"title_position\":\"top-left\",\"title_rotation\":\"left\",\"vertical_align\":\"middle\",\"width\":\"\"},\"children\":[{\"type\":\"row\",\"props\":{\"column_gap\":\"collapse\",\"row_gap\":\"collapse\"},\"children\":[{\"type\":\"column\",\"props\":{\"image_position\":\"center-center\",\"position_sticky_breakpoint\":\"m\"},\"children\":[{\"type\":\"slideshow\",\"props\":{\"link_style\":\"default\",\"link_text\":\"Read more\",\"margin\":\"default\",\"meta_align\":\"below-title\",\"meta_element\":\"div\",\"meta_style\":\"text-meta\",\"nav\":\"dotnav\",\"nav_align\":\"center\",\"nav_breakpoint\":\"s\",\"nav_position\":\"bottom-center\",\"nav_position_margin\":\"medium\",\"overlay_animation\":\"parallax\",\"overlay_position\":\"center-left\",\"show_content\":true,\"show_link\":true,\"show_meta\":true,\"show_thumbnail\":true,\"show_title\":true,\"slidenav\":\"default\",\"slidenav_breakpoint\":\"s\",\"slidenav_margin\":\"medium\",\"slidenav_outside_breakpoint\":\"xl\",\"slideshow_autoplay_pause\":true,\"slideshow_min_height\":300,\"thumbnav_height\":\"75\",\"thumbnav_svg_color\":\"emphasis\",\"thumbnav_width\":\"100\",\"title_element\":\"h3\"},\"children\":[{\"type\":\"slideshow_item\",\"props\":{\"image\":\"wp-content\\\/uploads\\\/2022\\\/06\\\/onati1.jpg\"}}]}]}]},{\"type\":\"row\",\"props\":{\"column_gap\":\"collapse\",\"layout\":\"1-2,1-2\",\"row_gap\":\"collapse\"},\"children\":[{\"type\":\"column\",\"props\":{\"image_position\":\"center-center\",\"position_sticky_breakpoint\":\"m\",\"width_medium\":\"1-2\"},\"children\":[{\"type\":\"slideshow\",\"props\":{\"link_style\":\"default\",\"link_text\":\"Read more\",\"margin\":\"default\",\"meta_align\":\"below-title\",\"meta_element\":\"div\",\"meta_style\":\"text-meta\",\"nav\":\"dotnav\",\"nav_align\":\"center\",\"nav_breakpoint\":\"s\",\"nav_position\":\"bottom-center\",\"nav_position_margin\":\"medium\",\"overlay_animation\":\"parallax\",\"overlay_position\":\"center-left\",\"show_content\":true,\"show_link\":true,\"show_meta\":true,\"show_thumbnail\":true,\"show_title\":true,\"slidenav\":\"default\",\"slidenav_breakpoint\":\"s\",\"slidenav_margin\":\"medium\",\"slidenav_outside_breakpoint\":\"xl\",\"slideshow_autoplay_pause\":true,\"slideshow_min_height\":300,\"thumbnav_height\":\"75\",\"thumbnav_svg_color\":\"emphasis\",\"thumbnav_width\":\"100\",\"title_element\":\"h3\"},\"children\":[{\"type\":\"slideshow_item\",\"props\":{\"image\":\"wp-content\\\/uploads\\\/2022\\\/06\\\/onati2.jpg\"}}]}]},{\"type\":\"column\",\"props\":{\"image_position\":\"center-center\",\"position_sticky_breakpoint\":\"m\",\"width_medium\":\"1-2\"},\"children\":[{\"type\":\"slideshow\",\"props\":{\"link_style\":\"default\",\"link_text\":\"Read more\",\"margin\":\"default\",\"meta_align\":\"below-title\",\"meta_element\":\"div\",\"meta_style\":\"text-meta\",\"nav\":\"dotnav\",\"nav_align\":\"center\",\"nav_breakpoint\":\"s\",\"nav_position\":\"bottom-center\",\"nav_position_margin\":\"medium\",\"overlay_animation\":\"parallax\",\"overlay_position\":\"center-left\",\"show_content\":true,\"show_link\":true,\"show_meta\":true,\"show_thumbnail\":true,\"show_title\":true,\"slidenav\":\"default\",\"slidenav_breakpoint\":\"s\",\"slidenav_margin\":\"medium\",\"slidenav_outside_breakpoint\":\"xl\",\"slideshow_autoplay_pause\":true,\"slideshow_min_height\":300,\"thumbnav_height\":\"75\",\"thumbnav_svg_color\":\"emphasis\",\"thumbnav_width\":\"100\",\"title_element\":\"h3\"},\"children\":[{\"type\":\"slideshow_item\",\"props\":{\"image\":\"wp-content\\\/uploads\\\/2022\\\/06\\\/onati3.jpg\"}}]}]}]}],\"name\":\"o\\u00f1ati2\"}],\"version\":\"4.0.6\",\"yooessentialsVersion\":\"2.0.9\"} --><\/p>\n","protected":false},"excerpt":{"rendered":"<p>O\u00d1ATIKO BERDURA PLAZIA La Plaza del Mercado o Plaza de Verdura est\u00e1 situada sobre el arroyo Olaran, en un edificio de pocas d\u00e9cadas, albergado en dos plantas (s\u00f3tano y planta baja). El edificio, abierto por cuatro lados, tiene como principal resalte el front\u00f3n situado en el borde de la plaza de los Fueros. Desde el [&hellip;]<\/p>\n","protected":false},"author":1,"featured_media":0,"parent":0,"menu_order":0,"comment_status":"closed","ping_status":"closed","template":"","meta":[],"acf":[],"_links":{"self":[{"href":"https:\/\/azokensarea.eus\/es\/wp-json\/wp\/v2\/pages\/1125"}],"collection":[{"href":"https:\/\/azokensarea.eus\/es\/wp-json\/wp\/v2\/pages"}],"about":[{"href":"https:\/\/azokensarea.eus\/es\/wp-json\/wp\/v2\/types\/page"}],"author":[{"embeddable":true,"href":"https:\/\/azokensarea.eus\/es\/wp-json\/wp\/v2\/users\/1"}],"replies":[{"embeddable":true,"href":"https:\/\/azokensarea.eus\/es\/wp-json\/wp\/v2\/comments?post=1125"}],"version-history":[{"count":5,"href":"https:\/\/azokensarea.eus\/es\/wp-json\/wp\/v2\/pages\/1125\/revisions"}],"predecessor-version":[{"id":1702,"href":"https:\/\/azokensarea.eus\/es\/wp-json\/wp\/v2\/pages\/1125\/revisions\/1702"}],"wp:attachment":[{"href":"https:\/\/azokensarea.eus\/es\/wp-json\/wp\/v2\/media?parent=1125"}],"curies":[{"name":"wp","href":"https:\/\/api.w.org\/{rel}","templated":true}]}}