{"id":1131,"date":"2022-09-29T12:11:38","date_gmt":"2022-09-29T12:11:38","guid":{"rendered":"http:\/\/azokensarea.eus\/tolosa\/"},"modified":"2024-03-15T10:30:34","modified_gmt":"2024-03-15T10:30:34","slug":"tolosa","status":"publish","type":"page","link":"https:\/\/azokensarea.eus\/es\/tolosa\/","title":{"rendered":"Tolosa"},"content":{"rendered":"<h2>\n<p><b>TOLOSAKO\u00a0<\/b>AZOKA<\/p>\n<\/h2>\n<div>Tolosa es la feria que se celebra todos los s\u00e1bados y s\u00e1bados, (casi) sin fallar durante 760 a\u00f1os. Decenas de ciudadanos, productores y visitantes se re\u00fanen en Zerkausian, Berdura Plaza y Euskal Herri Plaza. La feria se divide en tres zonas dependiendo del tipo de producto que ofrecen. El lugar m\u00e1s importante es el Tinglado, templo del producto de la \u00e9poca. Se instalan puestos en los caser\u00edos de la zona, con verduras, frutas, l\u00e1cteos, embutidos y derivados. Bajo el hermoso techo de vidrio de la Plaza Verdura se encuentran algunos de los puestos m\u00e1s antiguos del mercado, tambi\u00e9n de los pueblos vecinos. Adem\u00e1s de verduras frescas, tambi\u00e9n venden plantas y flores. Por \u00faltimo, la plaza Euskal Herria cuenta con puestos exteriores. Destaca especialmente la fruta. Seg\u00fan la \u00e9poca, es habitual encontrar productos de Navarra como pimientos, esp\u00e1rragos, alcachofas o cardo. Tambi\u00e9n hay caramelos, embutidos, ropa y zapatos.<\/div>\n<div>\n<h4>D\u00cdA DE MERCADO Y HORARIO:<\/h4>\n<div>\n<div class=\"page\" title=\"Page 7\">\n<div class=\"section\">\n<div class=\"layoutArea\">\n<div class=\"column\">\n<p><span>Sa\u0301bados:<\/span>\u00a08:00 &#8211; 13:30<\/p>\n<\/div>\n<\/div>\n<\/div>\n<\/div>\n<\/div>\n<\/div>\n<div>\n<h3>UBICACI\u00d3N:<\/h3>\n<div>\n<p class=\"p1\"><span class=\"s1\">Tolosako Azoka | <a href=\"https:\/\/g.page\/mercado-del-tinglado?share\" target=\"_blank\" rel=\"noopener\">Zerkausia\u00a0<\/a><\/span><\/p>\n<p class=\"p1\"><span class=\"s1\">Tolosako Azoka | <a href=\"https:\/\/g.page\/mercado-del-tinglado?share\" target=\"_blank\" rel=\"noopener\">Berdura plaza<\/a><\/span><\/p>\n<p class=\"p2\">Tolosako Azoka | <a href=\"https:\/\/goo.gl\/maps\/ZCvjAws3fzLVRgNU6\" target=\"_blank\" rel=\"noopener\">Euskal Herria Plaza\u00a0<\/a><\/p>\n<\/div>\n<p><a href=\"https:\/\/goo.gl\/maps\/GR1L7GKGzGVo9hD67\">Ver ubicaci\u00f3n<\/a><\/p>\n<\/div>\n<div>\n<h3>PROGRAMA AZOKATIK MAHAIRA:<\/h3>\n<p><a href=\"https:\/\/www.youtube.com\/watch?v=xPRU4VPDuOY\">Ver v\u00eddeo<\/a><\/p>\n<\/div>\n<div>\n<h3>ENLACES:<\/h3>\n<\/div>\n<ul>\n<li><a href=\"https:\/\/www.tolosakoazoka.eus\/\">social<\/a>\n<\/li>\n<li><a href=\"https:\/\/www.instagram.com\/tolosako.azoka\">instagram<\/a>\n<\/li>\n<li><a href=\"https:\/\/www.facebook.com\/tolosako.azoka\">facebook<\/a>\n<\/li>\n<li><a href=\"https:\/\/www.youtube.com\/channel\/UC-125SaA4RfNAYKWpHHJF2w\">youtube<\/a>\n<\/li>\n<li><a href=\"https:\/\/turismoa.tolosa.eus\/eu\/planak\/tolosako-azoka\">social<\/a>\n<\/li>\n<\/ul>\n<div>\n<p>    <img src=\"\/wp-content\/uploads\/2022\/07\/tolosa-1-1.jpg\" alt=\"\"><\/p>\n<\/div>\n<div>\n<p>    <img src=\"\/wp-content\/uploads\/2022\/07\/tolosa-1-2.jpg\" alt=\"\"><\/p>\n<\/div>\n<div>\n<p>    <img src=\"\/wp-content\/uploads\/2022\/07\/tolosa-1-3.jpg\" alt=\"\"><\/p>\n<\/div>\n<p><!--more--><br \/>\n<!-- {\"type\":\"layout\",\"children\":[{\"type\":\"section\",\"props\":{\"animation\":\"fade\",\"animation_delay\":\"200\",\"id\":\"tolosa\",\"image_position\":\"center-center\",\"style\":\"primary\",\"title_breakpoint\":\"xl\",\"title_position\":\"top-left\",\"title_rotation\":\"left\",\"vertical_align\":\"middle\",\"width\":\"default\"},\"children\":[{\"type\":\"row\",\"children\":[{\"type\":\"column\",\"props\":{\"image_position\":\"center-center\",\"position_sticky_breakpoint\":\"m\"},\"children\":[{\"type\":\"headline\",\"props\":{\"content\":\"\n\n<p><b>TOLOSAKO\\u00a0<\\\/b>AZOKA<\\\/p>\",\"title_color\":\"primary\",\"title_element\":\"h2\",\"title_style\":\"h2\"}}]}]},{\"type\":\"row\",\"props\":{\"layout\":\"3-5,2-5\"},\"children\":[{\"type\":\"column\",\"props\":{\"image_position\":\"center-center\",\"position_sticky_breakpoint\":\"m\",\"width_medium\":\"3-5\"},\"children\":[{\"type\":\"text\",\"props\":{\"column_breakpoint\":\"m\",\"content\":\"Tolosa es la feria que se celebra todos los s\\u00e1bados y s\\u00e1bados, (casi) sin fallar durante 760 a\\u00f1os. Decenas de ciudadanos, productores y visitantes se re\\u00fanen en Zerkausian, Berdura Plaza y Euskal Herri Plaza. La feria se divide en tres zonas dependiendo del tipo de producto que ofrecen. El lugar m\\u00e1s importante es el Tinglado, templo del producto de la \\u00e9poca. Se instalan puestos en los caser\\u00edos de la zona, con verduras, frutas, l\\u00e1cteos, embutidos y derivados. Bajo el hermoso techo de vidrio de la Plaza Verdura se encuentran algunos de los puestos m\\u00e1s antiguos del mercado, tambi\\u00e9n de los pueblos vecinos. Adem\\u00e1s de verduras frescas, tambi\\u00e9n venden plantas y flores. Por \\u00faltimo, la plaza Euskal Herria cuenta con puestos exteriores. Destaca especialmente la fruta. Seg\\u00fan la \\u00e9poca, es habitual encontrar productos de Navarra como pimientos, esp\\u00e1rragos, alcachofas o cardo. Tambi\\u00e9n hay caramelos, embutidos, ropa y zapatos.\",\"margin\":\"default\",\"text_style\":\"large\"}}]},{\"type\":\"column\",\"props\":{\"image_position\":\"center-center\",\"position_sticky_breakpoint\":\"m\",\"width_medium\":\"2-5\"},\"children\":[{\"type\":\"panel\",\"props\":{\"content\":\"\n\n<div class=\\\"page\\\" title=\\\"Page 7\\\">\\n\n\n<div class=\\\"section\\\">\\n\n\n<div class=\\\"layoutArea\\\">\\n\n\n<div class=\\\"column\\\">\\n\n\n<p><span>Sa\\u0301bados:<\\\/span>\\u00a08:00 - 13:30<\\\/p>\\n<\\\/div>\\n<\\\/div>\\n<\\\/div>\\n<\\\/div>\",\"content_column_breakpoint\":\"m\",\"content_margin\":\"small\",\"icon_width\":80,\"image_align\":\"top\",\"image_grid_breakpoint\":\"m\",\"image_grid_width\":\"1-2\",\"image_svg_color\":\"emphasis\",\"link_style\":\"default\",\"link_text\":\"Read more\",\"margin\":\"default\",\"meta_align\":\"below-title\",\"meta_element\":\"div\",\"meta_style\":\"text-meta\",\"title\":\"D\\u00cdA DE MERCADO Y HORARIO:\",\"title_align\":\"top\",\"title_element\":\"h4\",\"title_grid_breakpoint\":\"m\",\"title_grid_width\":\"1-2\",\"title_hover_style\":\"reset\"}},{\"type\":\"panel\",\"props\":{\"content\":\"\n\n<p class=\\\"p1\\\"><span class=\\\"s1\\\">Tolosako Azoka | <a href=\\\"https:\\\/\\\/g.page\\\/mercado-del-tinglado?share\\\" target=\\\"_blank\\\" rel=\\\"noopener\\\">Zerkausia\\u00a0<\\\/a><\\\/span><\\\/p>\\n\n\n<p class=\\\"p1\\\"><span class=\\\"s1\\\">Tolosako Azoka | <a href=\\\"https:\\\/\\\/g.page\\\/mercado-del-tinglado?share\\\" target=\\\"_blank\\\" rel=\\\"noopener\\\">Berdura plaza<\\\/a><\\\/span><\\\/p>\\n\n\n<p class=\\\"p2\\\">Tolosako Azoka | <a href=\\\"https:\\\/\\\/goo.gl\\\/maps\\\/ZCvjAws3fzLVRgNU6\\\" target=\\\"_blank\\\" rel=\\\"noopener\\\">Euskal Herria Plaza\\u00a0<\\\/a><\\\/p>\",\"content_column_breakpoint\":\"m\",\"content_margin\":\"small\",\"icon_width\":80,\"image_align\":\"top\",\"image_grid_breakpoint\":\"m\",\"image_grid_width\":\"1-2\",\"image_svg_color\":\"emphasis\",\"link\":\"https:\\\/\\\/goo.gl\\\/maps\\\/GR1L7GKGzGVo9hD67\",\"link_margin\":\"small\",\"link_style\":\"text\",\"link_target\":true,\"link_text\":\"Ver ubicaci\\u00f3n\",\"margin\":\"default\",\"meta_align\":\"below-title\",\"meta_element\":\"div\",\"meta_style\":\"text-meta\",\"title\":\"UBICACI\\u00d3N:\",\"title_align\":\"top\",\"title_element\":\"h3\",\"title_grid_breakpoint\":\"m\",\"title_grid_width\":\"1-2\",\"title_hover_style\":\"reset\",\"title_style\":\"h4\"}},{\"type\":\"panel\",\"props\":{\"content\":\"\",\"content_column_breakpoint\":\"m\",\"content_margin\":\"small\",\"icon_width\":80,\"image_align\":\"top\",\"image_grid_breakpoint\":\"m\",\"image_grid_width\":\"1-2\",\"image_svg_color\":\"emphasis\",\"link\":\"https:\\\/\\\/www.youtube.com\\\/watch?v=xPRU4VPDuOY\",\"link_margin\":\"small\",\"link_style\":\"text\",\"link_target\":true,\"link_text\":\"Ver v\\u00eddeo\",\"margin\":\"default\",\"meta_align\":\"below-title\",\"meta_element\":\"div\",\"meta_style\":\"text-meta\",\"title\":\"PROGRAMA AZOKATIK MAHAIRA:\",\"title_align\":\"top\",\"title_element\":\"h3\",\"title_grid_breakpoint\":\"m\",\"title_grid_width\":\"1-2\",\"title_hover_style\":\"reset\",\"title_style\":\"h4\"},\"name\":\"azokatikmahaira\"},{\"type\":\"panel\",\"props\":{\"content\":\"\",\"content_column_breakpoint\":\"m\",\"content_margin\":\"small\",\"icon_width\":80,\"image_align\":\"top\",\"image_grid_breakpoint\":\"m\",\"image_grid_width\":\"1-2\",\"image_svg_color\":\"emphasis\",\"link_margin\":\"small\",\"link_style\":\"text\",\"link_target\":true,\"link_text\":\"Ikusi kokapena\",\"margin\":\"default\",\"meta_align\":\"below-title\",\"meta_element\":\"div\",\"meta_style\":\"text-meta\",\"title\":\"ENLACES:\",\"title_align\":\"top\",\"title_element\":\"h3\",\"title_grid_breakpoint\":\"m\",\"title_grid_width\":\"1-2\",\"title_hover_style\":\"reset\",\"title_style\":\"h4\"}},{\"type\":\"social\",\"props\":{\"grid\":\"horizontal\",\"grid_gap\":\"small\",\"image_svg_inline\":true,\"link_style\":\"\",\"link_target\":true,\"margin\":\"default\"},\"children\":[{\"type\":\"social_item\",\"props\":{\"icon\":\"world\",\"link\":\"https:\\\/\\\/www.tolosakoazoka.eus\\\/\"}},{\"type\":\"social_item\",\"props\":{\"link\":\"https:\\\/\\\/www.instagram.com\\\/tolosako.azoka\"}},{\"type\":\"social_item\",\"props\":{\"link\":\"https:\\\/\\\/www.facebook.com\\\/tolosako.azoka\"}},{\"type\":\"social_item\",\"props\":{\"link\":\"https:\\\/\\\/www.youtube.com\\\/channel\\\/UC-125SaA4RfNAYKWpHHJF2w\"}},{\"type\":\"social_item\",\"props\":{\"icon\":\"info\",\"link\":\"https:\\\/\\\/turismoa.tolosa.eus\\\/eu\\\/planak\\\/tolosako-azoka\"}}]}]}]}],\"name\":\"tolosa\"},{\"type\":\"section\",\"props\":{\"animation\":\"fade\",\"animation_delay\":\"200\",\"image_position\":\"center-center\",\"padding\":\"none\",\"style\":\"default\",\"title_breakpoint\":\"xl\",\"title_position\":\"top-left\",\"title_rotation\":\"left\",\"vertical_align\":\"middle\",\"width\":\"\"},\"children\":[{\"type\":\"row\",\"props\":{\"column_gap\":\"collapse\",\"row_gap\":\"collapse\"},\"children\":[{\"type\":\"column\",\"props\":{\"image_position\":\"center-center\",\"position_sticky_breakpoint\":\"m\"},\"children\":[{\"type\":\"slideshow\",\"props\":{\"link_style\":\"default\",\"link_text\":\"Read more\",\"margin\":\"default\",\"meta_align\":\"below-title\",\"meta_element\":\"div\",\"meta_style\":\"text-meta\",\"nav\":\"dotnav\",\"nav_align\":\"center\",\"nav_breakpoint\":\"s\",\"nav_position\":\"bottom-center\",\"nav_position_margin\":\"medium\",\"overlay_animation\":\"parallax\",\"overlay_position\":\"center-left\",\"show_content\":true,\"show_link\":true,\"show_meta\":true,\"show_thumbnail\":true,\"show_title\":true,\"slidenav\":\"default\",\"slidenav_breakpoint\":\"s\",\"slidenav_margin\":\"medium\",\"slidenav_outside_breakpoint\":\"xl\",\"slideshow_autoplay_pause\":true,\"slideshow_min_height\":300,\"thumbnav_height\":\"75\",\"thumbnav_svg_color\":\"emphasis\",\"thumbnav_width\":\"100\",\"title_element\":\"h3\"},\"children\":[{\"type\":\"slideshow_item\",\"props\":{\"image\":\"wp-content\\\/uploads\\\/2022\\\/07\\\/tolosa-1-1.jpg\"}}]}]}]},{\"type\":\"row\",\"props\":{\"column_gap\":\"collapse\",\"layout\":\"1-2,1-2\",\"row_gap\":\"collapse\"},\"children\":[{\"type\":\"column\",\"props\":{\"image_position\":\"center-center\",\"position_sticky_breakpoint\":\"m\",\"width_medium\":\"1-2\"},\"children\":[{\"type\":\"slideshow\",\"props\":{\"link_style\":\"default\",\"link_text\":\"Read more\",\"margin\":\"default\",\"meta_align\":\"below-title\",\"meta_element\":\"div\",\"meta_style\":\"text-meta\",\"nav\":\"dotnav\",\"nav_align\":\"center\",\"nav_breakpoint\":\"s\",\"nav_position\":\"bottom-center\",\"nav_position_margin\":\"medium\",\"overlay_animation\":\"parallax\",\"overlay_position\":\"center-left\",\"show_content\":true,\"show_link\":true,\"show_meta\":true,\"show_thumbnail\":true,\"show_title\":true,\"slidenav\":\"default\",\"slidenav_breakpoint\":\"s\",\"slidenav_margin\":\"medium\",\"slidenav_outside_breakpoint\":\"xl\",\"slideshow_autoplay_pause\":true,\"slideshow_min_height\":300,\"thumbnav_height\":\"75\",\"thumbnav_svg_color\":\"emphasis\",\"thumbnav_width\":\"100\",\"title_element\":\"h3\"},\"children\":[{\"type\":\"slideshow_item\",\"props\":{\"image\":\"wp-content\\\/uploads\\\/2022\\\/07\\\/tolosa-1-2.jpg\"}}]}]},{\"type\":\"column\",\"props\":{\"image_position\":\"center-center\",\"position_sticky_breakpoint\":\"m\",\"width_medium\":\"1-2\"},\"children\":[{\"type\":\"slideshow\",\"props\":{\"link_style\":\"default\",\"link_text\":\"Read more\",\"margin\":\"default\",\"meta_align\":\"below-title\",\"meta_element\":\"div\",\"meta_style\":\"text-meta\",\"nav\":\"dotnav\",\"nav_align\":\"center\",\"nav_breakpoint\":\"s\",\"nav_position\":\"bottom-center\",\"nav_position_margin\":\"medium\",\"overlay_animation\":\"parallax\",\"overlay_position\":\"center-left\",\"show_content\":true,\"show_link\":true,\"show_meta\":true,\"show_thumbnail\":true,\"show_title\":true,\"slidenav\":\"default\",\"slidenav_breakpoint\":\"s\",\"slidenav_margin\":\"medium\",\"slidenav_outside_breakpoint\":\"xl\",\"slideshow_autoplay_pause\":true,\"slideshow_min_height\":300,\"thumbnav_height\":\"75\",\"thumbnav_svg_color\":\"emphasis\",\"thumbnav_width\":\"100\",\"title_element\":\"h3\"},\"children\":[{\"type\":\"slideshow_item\",\"props\":{\"image\":\"wp-content\\\/uploads\\\/2022\\\/07\\\/tolosa-1-3.jpg\"}}]}]}]}],\"name\":\"tolosa2\"}],\"version\":\"4.0.6\",\"yooessentialsVersion\":\"2.0.9\"} --><\/p>\n","protected":false},"excerpt":{"rendered":"<p>TOLOSAKO\u00a0AZOKA Tolosa es la feria que se celebra todos los s\u00e1bados y s\u00e1bados, (casi) sin fallar durante 760 a\u00f1os. Decenas de ciudadanos, productores y visitantes se re\u00fanen en Zerkausian, Berdura Plaza y Euskal Herri Plaza. La feria se divide en tres zonas dependiendo del tipo de producto que ofrecen. El lugar m\u00e1s importante es el [&hellip;]<\/p>\n","protected":false},"author":1,"featured_media":0,"parent":0,"menu_order":0,"comment_status":"closed","ping_status":"closed","template":"","meta":[],"acf":[],"_links":{"self":[{"href":"https:\/\/azokensarea.eus\/es\/wp-json\/wp\/v2\/pages\/1131"}],"collection":[{"href":"https:\/\/azokensarea.eus\/es\/wp-json\/wp\/v2\/pages"}],"about":[{"href":"https:\/\/azokensarea.eus\/es\/wp-json\/wp\/v2\/types\/page"}],"author":[{"embeddable":true,"href":"https:\/\/azokensarea.eus\/es\/wp-json\/wp\/v2\/users\/1"}],"replies":[{"embeddable":true,"href":"https:\/\/azokensarea.eus\/es\/wp-json\/wp\/v2\/comments?post=1131"}],"version-history":[{"count":5,"href":"https:\/\/azokensarea.eus\/es\/wp-json\/wp\/v2\/pages\/1131\/revisions"}],"predecessor-version":[{"id":1703,"href":"https:\/\/azokensarea.eus\/es\/wp-json\/wp\/v2\/pages\/1131\/revisions\/1703"}],"wp:attachment":[{"href":"https:\/\/azokensarea.eus\/es\/wp-json\/wp\/v2\/media?parent=1131"}],"curies":[{"name":"wp","href":"https:\/\/api.w.org\/{rel}","templated":true}]}}