{"id":973,"date":"2022-06-03T09:50:38","date_gmt":"2022-06-03T09:50:38","guid":{"rendered":"http:\/\/azokensarea.eus\/aurkezpena\/"},"modified":"2023-09-28T11:27:28","modified_gmt":"2023-09-28T11:27:28","slug":"aurkezpena","status":"publish","type":"page","link":"https:\/\/azokensarea.eus\/es\/","title":{"rendered":"Presentaci\u00f3n"},"content":{"rendered":"<div>\n<h1>Presentaci\u00f3n<\/h1>\n<div>\n<div class=\"page\" title=\"Page 1\">\n<div class=\"section\">\n<div class=\"layoutArea\">\n<div class=\"column\">\n<p>En el marco del Tratado Verde Europeo y en l\u00ednea con la Estrategia Baserritik Mahaira aprobada por la Comisi\u00f3n Europea, la asociaci\u00f3n LANDAOLA, con la colaboraci\u00f3n de Gobierno Vasco a trav\u00e9s de la fundaci\u00e7on Elika, los ayuntamiento y la Diputaci\u00f3n Foral de Gipuzkoa, puso en marcha a finales del 2020 un proyecto denominado GIPUZKOAKO AZOKEN SAREA (res de ferias de Gipuzkoa) con el objetivo de dinamizar e impulsar los circuitos cortos que se han convertido en una parte de la econom\u00eda, cultura y tradici\u00f3n de nuestros municipios.<\/p>\n<p>El objetico principal de la iniciativa es analizar, fortalecer y garantizar el futuro de las ferias de Gipuzkoa.<br \/>\nLos 17 municipios que componen la RED DE FERIAS DE GIPUZKOA son:<br \/>\nArrasate, Azkoitia, Azpeitia, Beasain, Deba, Donostia, Eibar, Errenteria, Hondarribia, Legazpi, Mutriku, Ordizia, O\u00f1ati, Tolosa, Zarautz y Zumarraga.<\/p>\n<\/div>\n<\/div>\n<\/div>\n<\/div>\n<\/div>\n<\/div>\n<div>\n<h2>Plan estrat\u00e9gico<\/h2>\n<div>\n<p>Los ejes del plan estrat\u00e9gico son 5 y tiene 18 l\u00edneas de trabajo:<\/p>\n<\/div>\n<p><a href=\"\/es\/plan-estrategikoa\/\">Leer m\u00e1s<\/a><\/p>\n<\/div>\n<p><!--more--><br \/>\n<!-- {\"type\":\"layout\",\"children\":[{\"type\":\"section\",\"props\":{\"image\":\"wp-content\\\/uploads\\\/2022\\\/09\\\/aurkezpena.jpg\",\"image_position\":\"center-center\",\"image_size\":\"cover\",\"media_visibility\":\"m\",\"padding_remove_bottom\":true,\"padding_remove_horizontal\":true,\"style\":\"default\",\"title_breakpoint\":\"xl\",\"title_position\":\"top-left\",\"title_rotation\":\"left\",\"vertical_align\":\"middle\",\"width\":\"default\",\"width_expand\":\"right\"},\"children\":[{\"type\":\"row\",\"children\":[{\"type\":\"column\",\"props\":{\"image_position\":\"center-center\",\"position_sticky_breakpoint\":\"m\"},\"children\":[{\"type\":\"panel\",\"props\":{\"animation\":\"parallax\",\"block_align\":\"right\",\"content\":\"\n\n<div class=\\\"page\\\" title=\\\"Page 1\\\">\\n\n\n<div class=\\\"section\\\">\\n\n\n<div class=\\\"layoutArea\\\">\\n\n\n<div class=\\\"column\\\">\\n\n\n<p>En el marco del Tratado Verde Europeo y en l\\u00ednea con la Estrategia Baserritik Mahaira aprobada por la Comisi\\u00f3n Europea, la asociaci\\u00f3n LANDAOLA, con la colaboraci\\u00f3n de Gobierno Vasco a trav\\u00e9s de la fundaci\\u00e7on Elika, los ayuntamiento y la Diputaci\\u00f3n Foral de Gipuzkoa, puso en marcha a finales del 2020 un proyecto denominado GIPUZKOAKO AZOKEN SAREA (res de ferias de Gipuzkoa) con el objetivo de dinamizar e impulsar los circuitos cortos que se han convertido en una parte de la econom\\u00eda, cultura y tradici\\u00f3n de nuestros municipios.<\\\/p>\\n\n\n<p>El objetico principal de la iniciativa es analizar, fortalecer y garantizar el futuro de las ferias de Gipuzkoa.\\nLos 17 municipios que componen la RED DE FERIAS DE GIPUZKOA son:\\nArrasate, Azkoitia, Azpeitia, Beasain, Deba, Donostia, Eibar, Errenteria, Hondarribia, Legazpi, Mutriku, Ordizia, O\\u00f1ati, Tolosa, Zarautz y Zumarraga.<\\\/p>\\n<\\\/div>\\n<\\\/div>\\n<\\\/div>\\n<\\\/div>\",\"content_column_breakpoint\":\"m\",\"icon_width\":80,\"image_align\":\"top\",\"image_grid_breakpoint\":\"m\",\"image_grid_width\":\"1-2\",\"image_svg_color\":\"emphasis\",\"link_style\":\"default\",\"link_text\":\"Read more\",\"margin\":\"remove-vertical\",\"maxwidth\":\"2xlarge\",\"maxwidth_breakpoint\":\"m\",\"meta_align\":\"below-title\",\"meta_element\":\"div\",\"meta_style\":\"text-meta\",\"panel_padding\":\"default\",\"panel_style\":\"card-primary\",\"parallax_breakpoint\":\"m\",\"parallax_easing\":\"1\",\"parallax_y\":\"80,80\",\"title\":\"Presentaci\\u00f3n\",\"title_align\":\"top\",\"title_element\":\"h1\",\"title_grid_breakpoint\":\"m\",\"title_grid_width\":\"1-2\",\"title_hover_style\":\"reset\",\"title_style\":\"heading-small\"}},{\"type\":\"panel\",\"props\":{\"animation\":\"parallax\",\"block_align\":\"right\",\"content\":\"\n\n<p>Los ejes del plan estrat\\u00e9gico son 5 y tiene 18 l\\u00edneas de trabajo:<\\\/p>\",\"content_column_breakpoint\":\"m\",\"icon_width\":80,\"image_align\":\"top\",\"image_grid_breakpoint\":\"m\",\"image_grid_width\":\"1-2\",\"image_svg_color\":\"emphasis\",\"link\":\"es\\\/plan-estrategikoa\\\/\",\"link_margin\":\"small\",\"link_style\":\"text\",\"link_text\":\"Leer m\\u00e1s\",\"margin\":\"remove-vertical\",\"maxwidth\":\"2xlarge\",\"maxwidth_breakpoint\":\"m\",\"meta_align\":\"below-title\",\"meta_element\":\"div\",\"meta_style\":\"text-meta\",\"panel_padding\":\"default\",\"panel_style\":\"card-primary\",\"parallax_breakpoint\":\"m\",\"parallax_easing\":\"1\",\"parallax_y\":\"80,80\",\"title\":\"Plan estrat\\u00e9gico\",\"title_align\":\"top\",\"title_element\":\"h2\",\"title_grid_breakpoint\":\"m\",\"title_grid_width\":\"1-2\",\"title_hover_style\":\"reset\",\"title_style\":\"heading-small\"}}]}]}]}],\"version\":\"4.0.6\",\"yooessentialsVersion\":\"2.0.9\"} --><\/p>\n","protected":false},"excerpt":{"rendered":"<p>Presentaci\u00f3n En el marco del Tratado Verde Europeo y en l\u00ednea con la Estrategia Baserritik Mahaira aprobada por la Comisi\u00f3n Europea, la asociaci\u00f3n LANDAOLA, con la colaboraci\u00f3n de Gobierno Vasco a trav\u00e9s de la fundaci\u00e7on Elika, los ayuntamiento y la Diputaci\u00f3n Foral de Gipuzkoa, puso en marcha a finales del 2020 un proyecto denominado GIPUZKOAKO [&hellip;]<\/p>\n","protected":false},"author":1,"featured_media":0,"parent":0,"menu_order":0,"comment_status":"closed","ping_status":"closed","template":"","meta":[],"acf":[],"_links":{"self":[{"href":"https:\/\/azokensarea.eus\/es\/wp-json\/wp\/v2\/pages\/973"}],"collection":[{"href":"https:\/\/azokensarea.eus\/es\/wp-json\/wp\/v2\/pages"}],"about":[{"href":"https:\/\/azokensarea.eus\/es\/wp-json\/wp\/v2\/types\/page"}],"author":[{"embeddable":true,"href":"https:\/\/azokensarea.eus\/es\/wp-json\/wp\/v2\/users\/1"}],"replies":[{"embeddable":true,"href":"https:\/\/azokensarea.eus\/es\/wp-json\/wp\/v2\/comments?post=973"}],"version-history":[{"count":4,"href":"https:\/\/azokensarea.eus\/es\/wp-json\/wp\/v2\/pages\/973\/revisions"}],"predecessor-version":[{"id":981,"href":"https:\/\/azokensarea.eus\/es\/wp-json\/wp\/v2\/pages\/973\/revisions\/981"}],"wp:attachment":[{"href":"https:\/\/azokensarea.eus\/es\/wp-json\/wp\/v2\/media?parent=973"}],"curies":[{"name":"wp","href":"https:\/\/api.w.org\/{rel}","templated":true}]}}